{"id":813,"date":"2022-01-12T22:38:36","date_gmt":"2022-01-12T21:38:36","guid":{"rendered":"http:\/\/dominique-cros-pophillat.com\/?page_id=813"},"modified":"2022-04-27T08:17:09","modified_gmt":"2022-04-27T06:17:09","slug":"paysages","status":"publish","type":"page","link":"http:\/\/dominique-cros-pophillat.com\/index.php\/paysages\/","title":{"rendered":"Paysages"},"content":{"rendered":"\t\t<div data-elementor-type=\"wp-page\" data-elementor-id=\"813\" class=\"elementor elementor-813\">\n\t\t\t\t\t\t<section class=\"elementor-section elementor-top-section elementor-element elementor-element-06e4faf elementor-section-boxed elementor-section-height-default elementor-section-height-default\" data-id=\"06e4faf\" data-element_type=\"section\">\n\t\t\t\t\t\t<div class=\"elementor-container elementor-column-gap-default\">\n\t\t\t\t\t<div class=\"elementor-column elementor-col-100 elementor-top-column elementor-element elementor-element-6a28ede\" data-id=\"6a28ede\" data-element_type=\"column\" data-settings=\"{&quot;background_background&quot;:&quot;classic&quot;}\">\n\t\t\t<div class=\"elementor-widget-wrap elementor-element-populated\">\n\t\t\t\t\t\t<div class=\"elementor-element elementor-element-b82f5ba elementor-widget__width-inherit elementor-widget elementor-widget-heading\" data-id=\"b82f5ba\" data-element_type=\"widget\" data-widget_type=\"heading.default\">\n\t\t\t\t<div class=\"elementor-widget-container\">\n\t\t\t\t\t<h2 class=\"elementor-heading-title elementor-size-large\">DOMINIQUE CROS-POPHILLAT\n<\/h2>\t\t\t\t<\/div>\n\t\t\t\t<\/div>\n\t\t\t\t<div class=\"elementor-element elementor-element-d36e320 elementor-widget__width-inherit elementor-widget elementor-widget-heading\" data-id=\"d36e320\" data-element_type=\"widget\" data-widget_type=\"heading.default\">\n\t\t\t\t<div class=\"elementor-widget-container\">\n\t\t\t\t\t<h2 class=\"elementor-heading-title elementor-size-large\">PHOTOGRAPHIES<\/h2>\t\t\t\t<\/div>\n\t\t\t\t<\/div>\n\t\t\t\t<div class=\"elementor-element elementor-element-6eb9020 elementor-widget__width-inherit elementor-widget-divider--view-line elementor-widget elementor-widget-divider\" data-id=\"6eb9020\" data-element_type=\"widget\" data-widget_type=\"divider.default\">\n\t\t\t\t<div class=\"elementor-widget-container\">\n\t\t\t\t\t\t\t<div class=\"elementor-divider\">\n\t\t\t<span class=\"elementor-divider-separator\">\n\t\t\t\t\t\t<\/span>\n\t\t<\/div>\n\t\t\t\t\t\t<\/div>\n\t\t\t\t<\/div>\n\t\t\t\t<div class=\"elementor-element elementor-element-808938d elementor-widget elementor-widget-spacer\" data-id=\"808938d\" data-element_type=\"widget\" data-widget_type=\"spacer.default\">\n\t\t\t\t<div class=\"elementor-widget-container\">\n\t\t\t\t\t\t\t<div class=\"elementor-spacer\">\n\t\t\t<div class=\"elementor-spacer-inner\"><\/div>\n\t\t<\/div>\n\t\t\t\t\t\t<\/div>\n\t\t\t\t<\/div>\n\t\t\t\t\t<\/div>\n\t\t<\/div>\n\t\t\t\t\t<\/div>\n\t\t<\/section>\n\t\t\t\t<section class=\"elementor-section elementor-top-section elementor-element elementor-element-ccdd3ed elementor-section-full_width elementor-section-height-default elementor-section-height-default\" data-id=\"ccdd3ed\" data-element_type=\"section\" data-settings=\"{&quot;background_background&quot;:&quot;classic&quot;}\">\n\t\t\t\t\t\t<div class=\"elementor-container elementor-column-gap-no\">\n\t\t\t\t\t<div class=\"elementor-column elementor-col-100 elementor-top-column elementor-element elementor-element-98d9d41\" data-id=\"98d9d41\" data-element_type=\"column\" data-settings=\"{&quot;background_background&quot;:&quot;classic&quot;}\">\n\t\t\t<div class=\"elementor-widget-wrap elementor-element-populated\">\n\t\t\t\t\t\t<div class=\"elementor-element elementor-element-41daf02 elementor-arrows-position-outside elementor-widget__width-auto e-transform e-transform elementor-pagination-position-outside elementor-widget elementor-widget-image-carousel\" data-id=\"41daf02\" data-element_type=\"widget\" data-settings=\"{&quot;slides_to_show&quot;:&quot;1&quot;,&quot;autoplay&quot;:&quot;no&quot;,&quot;infinite&quot;:&quot;no&quot;,&quot;effect&quot;:&quot;fade&quot;,&quot;_transform_skewX_effect&quot;:{&quot;unit&quot;:&quot;px&quot;,&quot;size&quot;:0,&quot;sizes&quot;:[]},&quot;navigation&quot;:&quot;both&quot;,&quot;speed&quot;:500,&quot;_transform_scaleX_effect&quot;:{&quot;unit&quot;:&quot;px&quot;,&quot;size&quot;:&quot;&quot;,&quot;sizes&quot;:[]},&quot;_transform_scaleX_effect_tablet&quot;:{&quot;unit&quot;:&quot;px&quot;,&quot;size&quot;:&quot;&quot;,&quot;sizes&quot;:[]},&quot;_transform_scaleX_effect_mobile&quot;:{&quot;unit&quot;:&quot;px&quot;,&quot;size&quot;:&quot;&quot;,&quot;sizes&quot;:[]},&quot;_transform_scaleY_effect&quot;:{&quot;unit&quot;:&quot;px&quot;,&quot;size&quot;:&quot;&quot;,&quot;sizes&quot;:[]},&quot;_transform_scaleY_effect_tablet&quot;:{&quot;unit&quot;:&quot;px&quot;,&quot;size&quot;:&quot;&quot;,&quot;sizes&quot;:[]},&quot;_transform_scaleY_effect_mobile&quot;:{&quot;unit&quot;:&quot;px&quot;,&quot;size&quot;:&quot;&quot;,&quot;sizes&quot;:[]},&quot;_transform_skewX_effect_tablet&quot;:{&quot;unit&quot;:&quot;deg&quot;,&quot;size&quot;:&quot;&quot;,&quot;sizes&quot;:[]},&quot;_transform_skewX_effect_mobile&quot;:{&quot;unit&quot;:&quot;deg&quot;,&quot;size&quot;:&quot;&quot;,&quot;sizes&quot;:[]},&quot;_transform_skewY_effect&quot;:{&quot;unit&quot;:&quot;px&quot;,&quot;size&quot;:&quot;&quot;,&quot;sizes&quot;:[]},&quot;_transform_skewY_effect_tablet&quot;:{&quot;unit&quot;:&quot;deg&quot;,&quot;size&quot;:&quot;&quot;,&quot;sizes&quot;:[]},&quot;_transform_skewY_effect_mobile&quot;:{&quot;unit&quot;:&quot;deg&quot;,&quot;size&quot;:&quot;&quot;,&quot;sizes&quot;:[]}}\" data-widget_type=\"image-carousel.default\">\n\t\t\t\t<div class=\"elementor-widget-container\">\n\t\t\t\t\t\t\t<div class=\"elementor-image-carousel-wrapper swiper\" role=\"region\" aria-roledescription=\"carousel\" aria-label=\"Carrousel d\u2019images\" dir=\"ltr\">\n\t\t\t<div class=\"elementor-image-carousel swiper-wrapper\" aria-live=\"polite\">\n\t\t\t\t\t\t\t\t<div class=\"swiper-slide\" role=\"group\" aria-roledescription=\"slide\" aria-label=\"1 sur 8\"><a data-elementor-open-lightbox=\"yes\" data-elementor-lightbox-slideshow=\"41daf02\" data-elementor-lightbox-title=\"Plateau de l&#039;Aubrac, Aveyron, 1973.\" data-e-action-hash=\"#elementor-action%3Aaction%3Dlightbox%26settings%3DeyJpZCI6NzU5LCJ1cmwiOiJodHRwOlwvXC9kb21pbmlxdWUtY3Jvcy1wb3BoaWxsYXQuY29tXC93cC1jb250ZW50XC91cGxvYWRzXC8yMDIyXC8wMVwvUGF5c2FnZXMtbWFpbi5qcGciLCJzbGlkZXNob3ciOiI0MWRhZjAyIn0%3D\" href=\"http:\/\/dominique-cros-pophillat.com\/wp-content\/uploads\/2022\/01\/Paysages-main.jpg\"><figure class=\"swiper-slide-inner\"><img decoding=\"async\" class=\"swiper-slide-image\" src=\"http:\/\/dominique-cros-pophillat.com\/wp-content\/uploads\/2022\/01\/Paysages-main-1024x687.jpg\" alt=\"Plateau de l&#039;Aubrac, Aveyron, 1973.\" \/><figcaption class=\"elementor-image-carousel-caption\">Plateau de l'Aubrac, Aveyron, 1973.<\/figcaption><\/figure><\/a><\/div><div class=\"swiper-slide\" role=\"group\" aria-roledescription=\"slide\" aria-label=\"2 sur 8\"><a data-elementor-open-lightbox=\"yes\" data-elementor-lightbox-slideshow=\"41daf02\" data-elementor-lightbox-title=\"Entre Lacoste et Bonnieux, Vaucluse, Avril 1972.\" data-e-action-hash=\"#elementor-action%3Aaction%3Dlightbox%26settings%3DeyJpZCI6NzYzLCJ1cmwiOiJodHRwOlwvXC9kb21pbmlxdWUtY3Jvcy1wb3BoaWxsYXQuY29tXC93cC1jb250ZW50XC91cGxvYWRzXC8yMDIyXC8wMVwvUGF5c2FnZXMtMS5qcGciLCJzbGlkZXNob3ciOiI0MWRhZjAyIn0%3D\" href=\"http:\/\/dominique-cros-pophillat.com\/wp-content\/uploads\/2022\/01\/Paysages-1.jpg\"><figure class=\"swiper-slide-inner\"><img decoding=\"async\" class=\"swiper-slide-image\" src=\"http:\/\/dominique-cros-pophillat.com\/wp-content\/uploads\/2022\/01\/Paysages-1-1024x703.jpg\" alt=\"Entre Lacoste et Bonnieux, Vaucluse, Avril 1972.\" \/><figcaption class=\"elementor-image-carousel-caption\">Entre Lacoste et Bonnieux, Vaucluse, Avril 1972.<\/figcaption><\/figure><\/a><\/div><div class=\"swiper-slide\" role=\"group\" aria-roledescription=\"slide\" aria-label=\"3 sur 8\"><a data-elementor-open-lightbox=\"yes\" data-elementor-lightbox-slideshow=\"41daf02\" data-elementor-lightbox-title=\"Vue sur le Mont Ventoux, Vaucluse, Avril 1972.\" data-e-action-hash=\"#elementor-action%3Aaction%3Dlightbox%26settings%3DeyJpZCI6NzYwLCJ1cmwiOiJodHRwOlwvXC9kb21pbmlxdWUtY3Jvcy1wb3BoaWxsYXQuY29tXC93cC1jb250ZW50XC91cGxvYWRzXC8yMDIyXC8wMVwvUGF5c2FnZXMtMi5qcGciLCJzbGlkZXNob3ciOiI0MWRhZjAyIn0%3D\" href=\"http:\/\/dominique-cros-pophillat.com\/wp-content\/uploads\/2022\/01\/Paysages-2.jpg\"><figure class=\"swiper-slide-inner\"><img decoding=\"async\" class=\"swiper-slide-image\" src=\"http:\/\/dominique-cros-pophillat.com\/wp-content\/uploads\/2022\/01\/Paysages-2-1024x708.jpg\" alt=\"Vue sur le Mont Ventoux, Vaucluse, Avril 1972.\" \/><figcaption class=\"elementor-image-carousel-caption\">Vue sur le Mont Ventoux, Vaucluse, Avril 1972.<\/figcaption><\/figure><\/a><\/div><div class=\"swiper-slide\" role=\"group\" aria-roledescription=\"slide\" aria-label=\"4 sur 8\"><a data-elementor-open-lightbox=\"yes\" data-elementor-lightbox-slideshow=\"41daf02\" data-elementor-lightbox-title=\"Plaine de M\u00e9nerbes, Vaucluse, Avril 1972\" data-e-action-hash=\"#elementor-action%3Aaction%3Dlightbox%26settings%3DeyJpZCI6NzU3LCJ1cmwiOiJodHRwOlwvXC9kb21pbmlxdWUtY3Jvcy1wb3BoaWxsYXQuY29tXC93cC1jb250ZW50XC91cGxvYWRzXC8yMDIyXC8wMVwvUGF5c2FnZXMtMy5qcGciLCJzbGlkZXNob3ciOiI0MWRhZjAyIn0%3D\" href=\"http:\/\/dominique-cros-pophillat.com\/wp-content\/uploads\/2022\/01\/Paysages-3.jpg\"><figure class=\"swiper-slide-inner\"><img decoding=\"async\" class=\"swiper-slide-image\" src=\"http:\/\/dominique-cros-pophillat.com\/wp-content\/uploads\/2022\/01\/Paysages-3-1024x689.jpg\" alt=\"Plaine de M\u00e9nerbes, Vaucluse, Avril 1972\" \/><figcaption class=\"elementor-image-carousel-caption\">Plaine de M\u00e9nerbes, Vaucluse, Avril 1972<\/figcaption><\/figure><\/a><\/div><div class=\"swiper-slide\" role=\"group\" aria-roledescription=\"slide\" aria-label=\"5 sur 8\"><a data-elementor-open-lightbox=\"yes\" data-elementor-lightbox-slideshow=\"41daf02\" data-elementor-lightbox-title=\"Route de Sault, Vaucluse, 1984.\" data-e-action-hash=\"#elementor-action%3Aaction%3Dlightbox%26settings%3DeyJpZCI6NzYyLCJ1cmwiOiJodHRwOlwvXC9kb21pbmlxdWUtY3Jvcy1wb3BoaWxsYXQuY29tXC93cC1jb250ZW50XC91cGxvYWRzXC8yMDIyXC8wMVwvUGF5c2FnZXMtNC5qcGciLCJzbGlkZXNob3ciOiI0MWRhZjAyIn0%3D\" href=\"http:\/\/dominique-cros-pophillat.com\/wp-content\/uploads\/2022\/01\/Paysages-4.jpg\"><figure class=\"swiper-slide-inner\"><img decoding=\"async\" class=\"swiper-slide-image\" src=\"http:\/\/dominique-cros-pophillat.com\/wp-content\/uploads\/2022\/01\/Paysages-4-1024x660.jpg\" alt=\"Route de Sault, Vaucluse, 1984.\" \/><figcaption class=\"elementor-image-carousel-caption\">Route de Sault, Vaucluse, 1984.<\/figcaption><\/figure><\/a><\/div><div class=\"swiper-slide\" role=\"group\" aria-roledescription=\"slide\" aria-label=\"6 sur 8\"><a data-elementor-open-lightbox=\"yes\" data-elementor-lightbox-slideshow=\"41daf02\" data-elementor-lightbox-title=\"Route de Bonneval, Aveyron, Mai 1995.\" data-e-action-hash=\"#elementor-action%3Aaction%3Dlightbox%26settings%3DeyJpZCI6NzYxLCJ1cmwiOiJodHRwOlwvXC9kb21pbmlxdWUtY3Jvcy1wb3BoaWxsYXQuY29tXC93cC1jb250ZW50XC91cGxvYWRzXC8yMDIyXC8wMVwvUGF5c2FnZXMtNS5qcGciLCJzbGlkZXNob3ciOiI0MWRhZjAyIn0%3D\" href=\"http:\/\/dominique-cros-pophillat.com\/wp-content\/uploads\/2022\/01\/Paysages-5.jpg\"><figure class=\"swiper-slide-inner\"><img decoding=\"async\" class=\"swiper-slide-image\" src=\"http:\/\/dominique-cros-pophillat.com\/wp-content\/uploads\/2022\/01\/Paysages-5-1024x685.jpg\" alt=\"Route de Bonneval, Aveyron, Mai 1995.\" \/><figcaption class=\"elementor-image-carousel-caption\">Route de Bonneval, Aveyron, Mai 1995.<\/figcaption><\/figure><\/a><\/div><div class=\"swiper-slide\" role=\"group\" aria-roledescription=\"slide\" aria-label=\"7 sur 8\"><a data-elementor-open-lightbox=\"yes\" data-elementor-lightbox-slideshow=\"41daf02\" data-e-action-hash=\"#elementor-action%3Aaction%3Dlightbox%26settings%3DeyJpZCI6NzU4LCJ1cmwiOiJodHRwOlwvXC9kb21pbmlxdWUtY3Jvcy1wb3BoaWxsYXQuY29tXC93cC1jb250ZW50XC91cGxvYWRzXC8yMDIyXC8wMVwvUGF5c2FnZXMtNi5qcGciLCJzbGlkZXNob3ciOiI0MWRhZjAyIn0%3D\" href=\"http:\/\/dominique-cros-pophillat.com\/wp-content\/uploads\/2022\/01\/Paysages-6.jpg\"><figure class=\"swiper-slide-inner\"><img decoding=\"async\" class=\"swiper-slide-image\" src=\"http:\/\/dominique-cros-pophillat.com\/wp-content\/uploads\/2022\/01\/Paysages-6-1024x683.jpg\" alt=\"Paysages 6\" \/><\/figure><\/a><\/div><div class=\"swiper-slide\" role=\"group\" aria-roledescription=\"slide\" aria-label=\"8 sur 8\"><a data-elementor-open-lightbox=\"yes\" data-elementor-lightbox-slideshow=\"41daf02\" data-e-action-hash=\"#elementor-action%3Aaction%3Dlightbox%26settings%3DeyJpZCI6NzY0LCJ1cmwiOiJodHRwOlwvXC9kb21pbmlxdWUtY3Jvcy1wb3BoaWxsYXQuY29tXC93cC1jb250ZW50XC91cGxvYWRzXC8yMDIyXC8wMVwvUGF5c2FnZXMtNy5qcGciLCJzbGlkZXNob3ciOiI0MWRhZjAyIn0%3D\" href=\"http:\/\/dominique-cros-pophillat.com\/wp-content\/uploads\/2022\/01\/Paysages-7.jpg\"><figure class=\"swiper-slide-inner\"><img decoding=\"async\" class=\"swiper-slide-image\" src=\"http:\/\/dominique-cros-pophillat.com\/wp-content\/uploads\/2022\/01\/Paysages-7-1024x685.jpg\" alt=\"Paysages 7\" \/><\/figure><\/a><\/div>\t\t\t<\/div>\n\t\t\t\t\t\t\t\t\t\t\t\t<div class=\"elementor-swiper-button elementor-swiper-button-prev\" role=\"button\" tabindex=\"0\">\n\t\t\t\t\t\t<i aria-hidden=\"true\" class=\"eicon-chevron-left\"><\/i>\t\t\t\t\t<\/div>\n\t\t\t\t\t<div class=\"elementor-swiper-button elementor-swiper-button-next\" role=\"button\" tabindex=\"0\">\n\t\t\t\t\t\t<i aria-hidden=\"true\" class=\"eicon-chevron-right\"><\/i>\t\t\t\t\t<\/div>\n\t\t\t\t\n\t\t\t\t\t\t\t\t\t<div class=\"swiper-pagination\"><\/div>\n\t\t\t\t\t\t\t\t\t<\/div>\n\t\t\t\t\t\t<\/div>\n\t\t\t\t<\/div>\n\t\t\t\t\t<\/div>\n\t\t<\/div>\n\t\t\t\t\t<\/div>\n\t\t<\/section>\n\t\t\t\t<section class=\"elementor-section elementor-top-section elementor-element elementor-element-b4961d0 elementor-section-boxed elementor-section-height-default elementor-section-height-default\" data-id=\"b4961d0\" data-element_type=\"section\">\n\t\t\t\t\t\t<div class=\"elementor-container elementor-column-gap-default\">\n\t\t\t\t\t<div class=\"elementor-column elementor-col-100 elementor-top-column elementor-element elementor-element-92f1283\" data-id=\"92f1283\" data-element_type=\"column\" data-settings=\"{&quot;background_background&quot;:&quot;classic&quot;}\">\n\t\t\t<div class=\"elementor-widget-wrap elementor-element-populated\">\n\t\t\t\t\t\t<div class=\"elementor-element elementor-element-98ef0f7 elementor-widget elementor-widget-spacer\" data-id=\"98ef0f7\" data-element_type=\"widget\" data-widget_type=\"spacer.default\">\n\t\t\t\t<div class=\"elementor-widget-container\">\n\t\t\t\t\t\t\t<div class=\"elementor-spacer\">\n\t\t\t<div class=\"elementor-spacer-inner\"><\/div>\n\t\t<\/div>\n\t\t\t\t\t\t<\/div>\n\t\t\t\t<\/div>\n\t\t\t\t\t<\/div>\n\t\t<\/div>\n\t\t\t\t\t<\/div>\n\t\t<\/section>\n\t\t\t\t<\/div>\n\t\t","protected":false},"excerpt":{"rendered":"<p>DOMINIQUE CROS-POPHILLAT PHOTOGRAPHIES Plateau de l&rsquo;Aubrac, Aveyron, 1973. Entre Lacoste et Bonnieux, Vaucluse, Avril 1972. Vue sur le Mont Ventoux, Vaucluse, Avril 1972. Plaine de M\u00e9nerbes, Vaucluse, Avril 1972 Route de Sault, Vaucluse, 1984. Route de Bonneval, Aveyron, Mai 1995. Pr\u00e9c\u00e9dent Suivant<\/p>\n","protected":false},"author":1,"featured_media":0,"parent":0,"menu_order":0,"comment_status":"closed","ping_status":"closed","template":"","meta":{"footnotes":""},"folder":[],"_links":{"self":[{"href":"http:\/\/dominique-cros-pophillat.com\/index.php\/wp-json\/wp\/v2\/pages\/813"}],"collection":[{"href":"http:\/\/dominique-cros-pophillat.com\/index.php\/wp-json\/wp\/v2\/pages"}],"about":[{"href":"http:\/\/dominique-cros-pophillat.com\/index.php\/wp-json\/wp\/v2\/types\/page"}],"author":[{"embeddable":true,"href":"http:\/\/dominique-cros-pophillat.com\/index.php\/wp-json\/wp\/v2\/users\/1"}],"replies":[{"embeddable":true,"href":"http:\/\/dominique-cros-pophillat.com\/index.php\/wp-json\/wp\/v2\/comments?post=813"}],"version-history":[{"count":0,"href":"http:\/\/dominique-cros-pophillat.com\/index.php\/wp-json\/wp\/v2\/pages\/813\/revisions"}],"wp:attachment":[{"href":"http:\/\/dominique-cros-pophillat.com\/index.php\/wp-json\/wp\/v2\/media?parent=813"}],"wp:term":[{"taxonomy":"folder","embeddable":true,"href":"http:\/\/dominique-cros-pophillat.com\/index.php\/wp-json\/wp\/v2\/folder?post=813"}],"curies":[{"name":"wp","href":"https:\/\/api.w.org\/{rel}","templated":true}]}}