{"id":548,"date":"2021-12-05T12:51:29","date_gmt":"2021-12-05T11:51:29","guid":{"rendered":"http:\/\/dominit.cluster029.hosting.ovh.net\/?page_id=548"},"modified":"2022-04-27T18:49:24","modified_gmt":"2022-04-27T16:49:24","slug":"crete","status":"publish","type":"page","link":"http:\/\/dominique-cros-pophillat.com\/index.php\/crete\/","title":{"rendered":"Crete"},"content":{"rendered":"\t\t<div data-elementor-type=\"wp-page\" data-elementor-id=\"548\" class=\"elementor elementor-548\">\n\t\t\t\t\t\t<section class=\"elementor-section elementor-top-section elementor-element elementor-element-0f36c3c elementor-section-boxed elementor-section-height-default elementor-section-height-default\" data-id=\"0f36c3c\" data-element_type=\"section\">\n\t\t\t\t\t\t<div class=\"elementor-container elementor-column-gap-default\">\n\t\t\t\t\t<div class=\"elementor-column elementor-col-100 elementor-top-column elementor-element elementor-element-7a1eaed\" data-id=\"7a1eaed\" data-element_type=\"column\" data-settings=\"{&quot;background_background&quot;:&quot;classic&quot;}\">\n\t\t\t<div class=\"elementor-widget-wrap elementor-element-populated\">\n\t\t\t\t\t\t<div class=\"elementor-element elementor-element-9a0f59d elementor-widget__width-inherit elementor-widget elementor-widget-heading\" data-id=\"9a0f59d\" data-element_type=\"widget\" data-widget_type=\"heading.default\">\n\t\t\t\t<div class=\"elementor-widget-container\">\n\t\t\t\t\t<h2 class=\"elementor-heading-title elementor-size-large\">DOMINIQUE CROS-POPHILLAT\n<\/h2>\t\t\t\t<\/div>\n\t\t\t\t<\/div>\n\t\t\t\t<div class=\"elementor-element elementor-element-0d3bc7d elementor-widget__width-inherit elementor-widget elementor-widget-heading\" data-id=\"0d3bc7d\" data-element_type=\"widget\" data-widget_type=\"heading.default\">\n\t\t\t\t<div class=\"elementor-widget-container\">\n\t\t\t\t\t<h2 class=\"elementor-heading-title elementor-size-large\">PHOTOGRAPHIES<\/h2>\t\t\t\t<\/div>\n\t\t\t\t<\/div>\n\t\t\t\t<div class=\"elementor-element elementor-element-127051c elementor-widget__width-inherit elementor-widget-divider--view-line elementor-widget elementor-widget-divider\" data-id=\"127051c\" data-element_type=\"widget\" data-widget_type=\"divider.default\">\n\t\t\t\t<div class=\"elementor-widget-container\">\n\t\t\t\t\t\t\t<div class=\"elementor-divider\">\n\t\t\t<span class=\"elementor-divider-separator\">\n\t\t\t\t\t\t<\/span>\n\t\t<\/div>\n\t\t\t\t\t\t<\/div>\n\t\t\t\t<\/div>\n\t\t\t\t<div class=\"elementor-element elementor-element-21aa6a0 elementor-widget elementor-widget-spacer\" data-id=\"21aa6a0\" data-element_type=\"widget\" data-widget_type=\"spacer.default\">\n\t\t\t\t<div class=\"elementor-widget-container\">\n\t\t\t\t\t\t\t<div class=\"elementor-spacer\">\n\t\t\t<div class=\"elementor-spacer-inner\"><\/div>\n\t\t<\/div>\n\t\t\t\t\t\t<\/div>\n\t\t\t\t<\/div>\n\t\t\t\t\t<\/div>\n\t\t<\/div>\n\t\t\t\t\t<\/div>\n\t\t<\/section>\n\t\t\t\t<section class=\"elementor-section elementor-top-section elementor-element elementor-element-7b65431 elementor-section-full_width elementor-section-height-default elementor-section-height-default\" data-id=\"7b65431\" data-element_type=\"section\" data-settings=\"{&quot;background_background&quot;:&quot;classic&quot;}\">\n\t\t\t\t\t\t<div class=\"elementor-container elementor-column-gap-no\">\n\t\t\t\t\t<div class=\"elementor-column elementor-col-100 elementor-top-column elementor-element elementor-element-b577c2d\" data-id=\"b577c2d\" data-element_type=\"column\" data-settings=\"{&quot;background_background&quot;:&quot;classic&quot;}\">\n\t\t\t<div class=\"elementor-widget-wrap elementor-element-populated\">\n\t\t\t\t\t\t<div class=\"elementor-element elementor-element-1e1299a elementor-arrows-position-outside e-transform e-transform elementor-pagination-position-outside elementor-widget elementor-widget-image-carousel\" data-id=\"1e1299a\" data-element_type=\"widget\" data-settings=\"{&quot;slides_to_show&quot;:&quot;1&quot;,&quot;autoplay&quot;:&quot;no&quot;,&quot;infinite&quot;:&quot;no&quot;,&quot;effect&quot;:&quot;fade&quot;,&quot;_transform_skewX_effect&quot;:{&quot;unit&quot;:&quot;px&quot;,&quot;size&quot;:0,&quot;sizes&quot;:[]},&quot;navigation&quot;:&quot;both&quot;,&quot;speed&quot;:500,&quot;_transform_scaleX_effect&quot;:{&quot;unit&quot;:&quot;px&quot;,&quot;size&quot;:&quot;&quot;,&quot;sizes&quot;:[]},&quot;_transform_scaleX_effect_tablet&quot;:{&quot;unit&quot;:&quot;px&quot;,&quot;size&quot;:&quot;&quot;,&quot;sizes&quot;:[]},&quot;_transform_scaleX_effect_mobile&quot;:{&quot;unit&quot;:&quot;px&quot;,&quot;size&quot;:&quot;&quot;,&quot;sizes&quot;:[]},&quot;_transform_scaleY_effect&quot;:{&quot;unit&quot;:&quot;px&quot;,&quot;size&quot;:&quot;&quot;,&quot;sizes&quot;:[]},&quot;_transform_scaleY_effect_tablet&quot;:{&quot;unit&quot;:&quot;px&quot;,&quot;size&quot;:&quot;&quot;,&quot;sizes&quot;:[]},&quot;_transform_scaleY_effect_mobile&quot;:{&quot;unit&quot;:&quot;px&quot;,&quot;size&quot;:&quot;&quot;,&quot;sizes&quot;:[]},&quot;_transform_skewX_effect_tablet&quot;:{&quot;unit&quot;:&quot;deg&quot;,&quot;size&quot;:&quot;&quot;,&quot;sizes&quot;:[]},&quot;_transform_skewX_effect_mobile&quot;:{&quot;unit&quot;:&quot;deg&quot;,&quot;size&quot;:&quot;&quot;,&quot;sizes&quot;:[]},&quot;_transform_skewY_effect&quot;:{&quot;unit&quot;:&quot;px&quot;,&quot;size&quot;:&quot;&quot;,&quot;sizes&quot;:[]},&quot;_transform_skewY_effect_tablet&quot;:{&quot;unit&quot;:&quot;deg&quot;,&quot;size&quot;:&quot;&quot;,&quot;sizes&quot;:[]},&quot;_transform_skewY_effect_mobile&quot;:{&quot;unit&quot;:&quot;deg&quot;,&quot;size&quot;:&quot;&quot;,&quot;sizes&quot;:[]}}\" data-widget_type=\"image-carousel.default\">\n\t\t\t\t<div class=\"elementor-widget-container\">\n\t\t\t\t\t\t\t<div class=\"elementor-image-carousel-wrapper swiper\" role=\"region\" aria-roledescription=\"carousel\" aria-label=\"Carrousel d\u2019images\" dir=\"ltr\">\n\t\t\t<div class=\"elementor-image-carousel swiper-wrapper\" aria-live=\"polite\">\n\t\t\t\t\t\t\t\t<div class=\"swiper-slide\" role=\"group\" aria-roledescription=\"slide\" aria-label=\"1 sur 9\"><a data-elementor-open-lightbox=\"yes\" data-elementor-lightbox-slideshow=\"1e1299a\" data-elementor-lightbox-title=\"Anapoli, Cr\u00eate, Avril 1989.\" data-e-action-hash=\"#elementor-action%3Aaction%3Dlightbox%26settings%3DeyJpZCI6MTI1NSwidXJsIjoiaHR0cDpcL1wvZG9taW5pcXVlLWNyb3MtcG9waGlsbGF0LmNvbVwvd3AtY29udGVudFwvdXBsb2Fkc1wvMjAyMlwvMDFcL0Fub3BvbGktNS1TTUFMTC5qcGciLCJzbGlkZXNob3ciOiIxZTEyOTlhIn0%3D\" href=\"http:\/\/dominique-cros-pophillat.com\/wp-content\/uploads\/2022\/01\/Anopoli-5-SMALL.jpg\"><figure class=\"swiper-slide-inner\"><img decoding=\"async\" class=\"swiper-slide-image\" src=\"http:\/\/dominique-cros-pophillat.com\/wp-content\/uploads\/2022\/01\/Anopoli-5-SMALL-1024x687.jpg\" alt=\"Anapoli, Cr\u00eate, Avril 1989.\" \/><figcaption class=\"elementor-image-carousel-caption\">Anapoli, Cr\u00eate, Avril 1989.<\/figcaption><\/figure><\/a><\/div><div class=\"swiper-slide\" role=\"group\" aria-roledescription=\"slide\" aria-label=\"2 sur 9\"><a data-elementor-open-lightbox=\"yes\" data-elementor-lightbox-slideshow=\"1e1299a\" data-elementor-lightbox-title=\"Fr\u00e8s, Cr\u00eate, Avril 1989.\" data-e-action-hash=\"#elementor-action%3Aaction%3Dlightbox%26settings%3DeyJpZCI6MTQwMCwidXJsIjoiaHR0cDpcL1wvZG9taW5pcXVlLWNyb3MtcG9waGlsbGF0LmNvbVwvd3AtY29udGVudFwvdXBsb2Fkc1wvMjAyMlwvMDFcL0ZyZXMtNC0yOS1hdnJpbC0yLVNNQUwtVkVSVElDQUwtNzYwLmpwZyIsInNsaWRlc2hvdyI6IjFlMTI5OWEifQ%3D%3D\" href=\"http:\/\/dominique-cros-pophillat.com\/wp-content\/uploads\/2022\/01\/Fres-4-29-avril-2-SMAL-VERTICAL-760.jpg\"><figure class=\"swiper-slide-inner\"><img decoding=\"async\" class=\"swiper-slide-image\" src=\"http:\/\/dominique-cros-pophillat.com\/wp-content\/uploads\/2022\/01\/Fres-4-29-avril-2-SMAL-VERTICAL-760.jpg\" alt=\"Fr\u00e8s, Cr\u00eate, Avril 1989.\" \/><figcaption class=\"elementor-image-carousel-caption\">Fr\u00e8s, Cr\u00eate, Avril 1989.<\/figcaption><\/figure><\/a><\/div><div class=\"swiper-slide\" role=\"group\" aria-roledescription=\"slide\" aria-label=\"3 sur 9\"><a data-elementor-open-lightbox=\"yes\" data-elementor-lightbox-slideshow=\"1e1299a\" data-elementor-lightbox-title=\"Anapoli, Cr\u00eate, Avril 1989.\" data-elementor-lightbox-description=\"Mme Perakis et Simone de Beauvoir\" data-e-action-hash=\"#elementor-action%3Aaction%3Dlightbox%26settings%3DeyJpZCI6MTI1NCwidXJsIjoiaHR0cDpcL1wvZG9taW5pcXVlLWNyb3MtcG9waGlsbGF0LmNvbVwvd3AtY29udGVudFwvdXBsb2Fkc1wvMjAyMlwvMDFcL0Fub3BvbGktMS1TTUFMTC5qcGciLCJzbGlkZXNob3ciOiIxZTEyOTlhIn0%3D\" href=\"http:\/\/dominique-cros-pophillat.com\/wp-content\/uploads\/2022\/01\/Anopoli-1-SMALL.jpg\"><figure class=\"swiper-slide-inner\"><img decoding=\"async\" class=\"swiper-slide-image\" src=\"http:\/\/dominique-cros-pophillat.com\/wp-content\/uploads\/2022\/01\/Anopoli-1-SMALL-1024x685.jpg\" alt=\"Anapoli, Cr\u00eate, Avril 1989.\" \/><figcaption class=\"elementor-image-carousel-caption\">Anapoli, Cr\u00eate, Avril 1989.<\/figcaption><\/figure><\/a><\/div><div class=\"swiper-slide\" role=\"group\" aria-roledescription=\"slide\" aria-label=\"4 sur 9\"><a data-elementor-open-lightbox=\"yes\" data-elementor-lightbox-slideshow=\"1e1299a\" data-elementor-lightbox-title=\"Mouzouras, Cr\u00eate, Avril 1989.\" data-elementor-lightbox-description=\"Mme Perakis et Simone de Beauvoir\" data-e-action-hash=\"#elementor-action%3Aaction%3Dlightbox%26settings%3DeyJpZCI6MTI1MCwidXJsIjoiaHR0cDpcL1wvZG9taW5pcXVlLWNyb3MtcG9waGlsbGF0LmNvbVwvd3AtY29udGVudFwvdXBsb2Fkc1wvMjAyMlwvMDFcL01vem91cmFzLU1tZS1QZXJha2lzLWV0LWxpdnJlLWRlLVNpbW9uZS1kZS1CZWF1dm9pci1TTUFMTC5qcGciLCJzbGlkZXNob3ciOiIxZTEyOTlhIn0%3D\" href=\"http:\/\/dominique-cros-pophillat.com\/wp-content\/uploads\/2022\/01\/Mozouras-Mme-Perakis-et-livre-de-Simone-de-Beauvoir-SMALL.jpg\"><figure class=\"swiper-slide-inner\"><img decoding=\"async\" class=\"swiper-slide-image\" src=\"http:\/\/dominique-cros-pophillat.com\/wp-content\/uploads\/2022\/01\/Mozouras-Mme-Perakis-et-livre-de-Simone-de-Beauvoir-SMALL-1024x685.jpg\" alt=\"Mouzouras, Cr\u00eate, Avril 1989.\" \/><figcaption class=\"elementor-image-carousel-caption\">Mouzouras, Cr\u00eate, Avril 1989.<\/figcaption><\/figure><\/a><\/div><div class=\"swiper-slide\" role=\"group\" aria-roledescription=\"slide\" aria-label=\"5 sur 9\"><a data-elementor-open-lightbox=\"yes\" data-elementor-lightbox-slideshow=\"1e1299a\" data-elementor-lightbox-title=\"Mouzouras, Cr\u00eate, Avril 1989.\" data-elementor-lightbox-description=\"Mme Perakis\" data-e-action-hash=\"#elementor-action%3Aaction%3Dlightbox%26settings%3DeyJpZCI6MTI1MSwidXJsIjoiaHR0cDpcL1wvZG9taW5pcXVlLWNyb3MtcG9waGlsbGF0LmNvbVwvd3AtY29udGVudFwvdXBsb2Fkc1wvMjAyMlwvMDFcL01vem91cmFzLVNNQUwuanBnIiwic2xpZGVzaG93IjoiMWUxMjk5YSJ9\" href=\"http:\/\/dominique-cros-pophillat.com\/wp-content\/uploads\/2022\/01\/Mozouras-SMAL.jpg\"><figure class=\"swiper-slide-inner\"><img decoding=\"async\" class=\"swiper-slide-image\" src=\"http:\/\/dominique-cros-pophillat.com\/wp-content\/uploads\/2022\/01\/Mozouras-SMAL-1024x686.jpg\" alt=\"Mouzouras, Cr\u00eate, Avril 1989.\" \/><figcaption class=\"elementor-image-carousel-caption\">Mouzouras, Cr\u00eate, Avril 1989.<\/figcaption><\/figure><\/a><\/div><div class=\"swiper-slide\" role=\"group\" aria-roledescription=\"slide\" aria-label=\"6 sur 9\"><a data-elementor-open-lightbox=\"yes\" data-elementor-lightbox-slideshow=\"1e1299a\" data-elementor-lightbox-title=\"Ka\u00efna, Cr\u00eate, Avril 1989.\" data-e-action-hash=\"#elementor-action%3Aaction%3Dlightbox%26settings%3DeyJpZCI6MTI0OSwidXJsIjoiaHR0cDpcL1wvZG9taW5pcXVlLWNyb3MtcG9waGlsbGF0LmNvbVwvd3AtY29udGVudFwvdXBsb2Fkc1wvMjAyMlwvMDFcL0thaW5hLTktU01BTEwuanBnIiwic2xpZGVzaG93IjoiMWUxMjk5YSJ9\" href=\"http:\/\/dominique-cros-pophillat.com\/wp-content\/uploads\/2022\/01\/Kaina-9-SMALL.jpg\"><figure class=\"swiper-slide-inner\"><img decoding=\"async\" class=\"swiper-slide-image\" src=\"http:\/\/dominique-cros-pophillat.com\/wp-content\/uploads\/2022\/01\/Kaina-9-SMALL-1024x681.jpg\" alt=\"Ka\u00efna, Cr\u00eate, Avril 1989.\" \/><figcaption class=\"elementor-image-carousel-caption\">Ka\u00efna, Cr\u00eate, Avril 1989.<\/figcaption><\/figure><\/a><\/div><div class=\"swiper-slide\" role=\"group\" aria-roledescription=\"slide\" aria-label=\"7 sur 9\"><a data-elementor-open-lightbox=\"yes\" data-elementor-lightbox-slideshow=\"1e1299a\" data-elementor-lightbox-title=\"Stilos, Cr\u00eate, Avril 1989.\" data-e-action-hash=\"#elementor-action%3Aaction%3Dlightbox%26settings%3DeyJpZCI6MTI1MiwidXJsIjoiaHR0cDpcL1wvZG9taW5pcXVlLWNyb3MtcG9waGlsbGF0LmNvbVwvd3AtY29udGVudFwvdXBsb2Fkc1wvMjAyMlwvMDFcL1N0aWxvcy1TTUFMTC5qcGciLCJzbGlkZXNob3ciOiIxZTEyOTlhIn0%3D\" href=\"http:\/\/dominique-cros-pophillat.com\/wp-content\/uploads\/2022\/01\/Stilos-SMALL.jpg\"><figure class=\"swiper-slide-inner\"><img decoding=\"async\" class=\"swiper-slide-image\" src=\"http:\/\/dominique-cros-pophillat.com\/wp-content\/uploads\/2022\/01\/Stilos-SMALL-1024x686.jpg\" alt=\"Stilos, Cr\u00eate, Avril 1989.\" \/><figcaption class=\"elementor-image-carousel-caption\">Stilos, Cr\u00eate, Avril 1989.<\/figcaption><\/figure><\/a><\/div><div class=\"swiper-slide\" role=\"group\" aria-roledescription=\"slide\" aria-label=\"8 sur 9\"><a data-elementor-open-lightbox=\"yes\" data-elementor-lightbox-slideshow=\"1e1299a\" data-elementor-lightbox-title=\"Ka\u00cfna, Cr\u00eate, Avril 1989.\" data-e-action-hash=\"#elementor-action%3Aaction%3Dlightbox%26settings%3DeyJpZCI6MTI1NiwidXJsIjoiaHR0cDpcL1wvZG9taW5pcXVlLWNyb3MtcG9waGlsbGF0LmNvbVwvd3AtY29udGVudFwvdXBsb2Fkc1wvMjAyMlwvMDFcL0thSW5hLTUtU01BTEwuanBnIiwic2xpZGVzaG93IjoiMWUxMjk5YSJ9\" href=\"http:\/\/dominique-cros-pophillat.com\/wp-content\/uploads\/2022\/01\/KaIna-5-SMALL.jpg\"><figure class=\"swiper-slide-inner\"><img decoding=\"async\" class=\"swiper-slide-image\" src=\"http:\/\/dominique-cros-pophillat.com\/wp-content\/uploads\/2022\/01\/KaIna-5-SMALL-1024x685.jpg\" alt=\"Ka\u00cfna, Cr\u00eate, Avril 1989.\" \/><figcaption class=\"elementor-image-carousel-caption\">Ka\u00cfna, Cr\u00eate, Avril 1989.<\/figcaption><\/figure><\/a><\/div><div class=\"swiper-slide\" role=\"group\" aria-roledescription=\"slide\" aria-label=\"9 sur 9\"><a data-elementor-open-lightbox=\"yes\" data-elementor-lightbox-slideshow=\"1e1299a\" data-elementor-lightbox-title=\"Vouves, Cr\u00eate, Avril 1989.\" data-e-action-hash=\"#elementor-action%3Aaction%3Dlightbox%26settings%3DeyJpZCI6MTI1MywidXJsIjoiaHR0cDpcL1wvZG9taW5pcXVlLWNyb3MtcG9waGlsbGF0LmNvbVwvd3AtY29udGVudFwvdXBsb2Fkc1wvMjAyMlwvMDFcL1ZvdXZhcy1TTUFMTC5qcGciLCJzbGlkZXNob3ciOiIxZTEyOTlhIn0%3D\" href=\"http:\/\/dominique-cros-pophillat.com\/wp-content\/uploads\/2022\/01\/Vouvas-SMALL.jpg\"><figure class=\"swiper-slide-inner\"><img decoding=\"async\" class=\"swiper-slide-image\" src=\"http:\/\/dominique-cros-pophillat.com\/wp-content\/uploads\/2022\/01\/Vouvas-SMALL-1024x686.jpg\" alt=\"Vouves, Cr\u00eate, Avril 1989.\" \/><figcaption class=\"elementor-image-carousel-caption\">Vouves, Cr\u00eate, Avril 1989.<\/figcaption><\/figure><\/a><\/div>\t\t\t<\/div>\n\t\t\t\t\t\t\t\t\t\t\t\t<div class=\"elementor-swiper-button elementor-swiper-button-prev\" role=\"button\" tabindex=\"0\">\n\t\t\t\t\t\t<i aria-hidden=\"true\" class=\"eicon-chevron-left\"><\/i>\t\t\t\t\t<\/div>\n\t\t\t\t\t<div class=\"elementor-swiper-button elementor-swiper-button-next\" role=\"button\" tabindex=\"0\">\n\t\t\t\t\t\t<i aria-hidden=\"true\" class=\"eicon-chevron-right\"><\/i>\t\t\t\t\t<\/div>\n\t\t\t\t\n\t\t\t\t\t\t\t\t\t<div class=\"swiper-pagination\"><\/div>\n\t\t\t\t\t\t\t\t\t<\/div>\n\t\t\t\t\t\t<\/div>\n\t\t\t\t<\/div>\n\t\t\t\t\t<\/div>\n\t\t<\/div>\n\t\t\t\t\t<\/div>\n\t\t<\/section>\n\t\t\t\t<section class=\"elementor-section elementor-top-section elementor-element elementor-element-6238da2 elementor-section-boxed elementor-section-height-default elementor-section-height-default\" data-id=\"6238da2\" data-element_type=\"section\">\n\t\t\t\t\t\t<div class=\"elementor-container elementor-column-gap-default\">\n\t\t\t\t\t<div class=\"elementor-column elementor-col-100 elementor-top-column elementor-element elementor-element-2f6a7e5\" data-id=\"2f6a7e5\" data-element_type=\"column\" data-settings=\"{&quot;background_background&quot;:&quot;classic&quot;}\">\n\t\t\t<div class=\"elementor-widget-wrap elementor-element-populated\">\n\t\t\t\t\t\t<div class=\"elementor-element elementor-element-9e3dd7a elementor-widget elementor-widget-spacer\" data-id=\"9e3dd7a\" data-element_type=\"widget\" data-widget_type=\"spacer.default\">\n\t\t\t\t<div class=\"elementor-widget-container\">\n\t\t\t\t\t\t\t<div class=\"elementor-spacer\">\n\t\t\t<div class=\"elementor-spacer-inner\"><\/div>\n\t\t<\/div>\n\t\t\t\t\t\t<\/div>\n\t\t\t\t<\/div>\n\t\t\t\t\t<\/div>\n\t\t<\/div>\n\t\t\t\t\t<\/div>\n\t\t<\/section>\n\t\t\t\t<\/div>\n\t\t","protected":false},"excerpt":{"rendered":"<p>DOMINIQUE CROS-POPHILLAT PHOTOGRAPHIES Anapoli, Cr\u00eate, Avril 1989. Fr\u00e8s, Cr\u00eate, Avril 1989. Anapoli, Cr\u00eate, Avril 1989. Mouzouras, Cr\u00eate, Avril 1989. Mouzouras, Cr\u00eate, Avril 1989. Ka\u00efna, Cr\u00eate, Avril 1989. Stilos, Cr\u00eate, Avril 1989. Ka\u00cfna, Cr\u00eate, Avril 1989. Vouves, Cr\u00eate, Avril 1989. Pr\u00e9c\u00e9dent Suivant<\/p>\n","protected":false},"author":1,"featured_media":0,"parent":0,"menu_order":0,"comment_status":"closed","ping_status":"closed","template":"","meta":{"footnotes":""},"folder":[],"_links":{"self":[{"href":"http:\/\/dominique-cros-pophillat.com\/index.php\/wp-json\/wp\/v2\/pages\/548"}],"collection":[{"href":"http:\/\/dominique-cros-pophillat.com\/index.php\/wp-json\/wp\/v2\/pages"}],"about":[{"href":"http:\/\/dominique-cros-pophillat.com\/index.php\/wp-json\/wp\/v2\/types\/page"}],"author":[{"embeddable":true,"href":"http:\/\/dominique-cros-pophillat.com\/index.php\/wp-json\/wp\/v2\/users\/1"}],"replies":[{"embeddable":true,"href":"http:\/\/dominique-cros-pophillat.com\/index.php\/wp-json\/wp\/v2\/comments?post=548"}],"version-history":[{"count":0,"href":"http:\/\/dominique-cros-pophillat.com\/index.php\/wp-json\/wp\/v2\/pages\/548\/revisions"}],"wp:attachment":[{"href":"http:\/\/dominique-cros-pophillat.com\/index.php\/wp-json\/wp\/v2\/media?parent=548"}],"wp:term":[{"taxonomy":"folder","embeddable":true,"href":"http:\/\/dominique-cros-pophillat.com\/index.php\/wp-json\/wp\/v2\/folder?post=548"}],"curies":[{"name":"wp","href":"https:\/\/api.w.org\/{rel}","templated":true}]}}