{"id":513,"date":"2021-12-05T11:43:15","date_gmt":"2021-12-05T10:43:15","guid":{"rendered":"http:\/\/dominit.cluster029.hosting.ovh.net\/?page_id=513"},"modified":"2022-07-26T12:35:52","modified_gmt":"2022-07-26T10:35:52","slug":"portrait","status":"publish","type":"page","link":"http:\/\/dominique-cros-pophillat.com\/index.php\/portrait\/","title":{"rendered":"Parcours"},"content":{"rendered":"\t\t<div data-elementor-type=\"wp-page\" data-elementor-id=\"513\" class=\"elementor elementor-513\">\n\t\t\t\t\t\t<section class=\"elementor-section elementor-top-section elementor-element elementor-element-7da76e5 elementor-section-boxed elementor-section-height-default elementor-section-height-default\" data-id=\"7da76e5\" data-element_type=\"section\">\n\t\t\t\t\t\t<div class=\"elementor-container elementor-column-gap-default\">\n\t\t\t\t\t<div class=\"elementor-column elementor-col-100 elementor-top-column elementor-element elementor-element-b9da472\" data-id=\"b9da472\" data-element_type=\"column\">\n\t\t\t<div class=\"elementor-widget-wrap elementor-element-populated\">\n\t\t\t\t\t\t<div class=\"elementor-element elementor-element-6e86255 elementor-widget__width-inherit elementor-widget elementor-widget-heading\" data-id=\"6e86255\" data-element_type=\"widget\" data-widget_type=\"heading.default\">\n\t\t\t\t<div class=\"elementor-widget-container\">\n\t\t\t\t\t<h2 class=\"elementor-heading-title elementor-size-large\">DOMINIQUE CROs-POPHILLAT\n<\/h2>\t\t\t\t<\/div>\n\t\t\t\t<\/div>\n\t\t\t\t<div class=\"elementor-element elementor-element-5255070 elementor-widget__width-inherit elementor-widget elementor-widget-heading\" data-id=\"5255070\" data-element_type=\"widget\" data-widget_type=\"heading.default\">\n\t\t\t\t<div class=\"elementor-widget-container\">\n\t\t\t\t\t<h2 class=\"elementor-heading-title elementor-size-large\">PHOTOGRAPHIES<\/h2>\t\t\t\t<\/div>\n\t\t\t\t<\/div>\n\t\t\t\t<div class=\"elementor-element elementor-element-a5931ec elementor-widget__width-inherit elementor-widget-divider--view-line elementor-widget elementor-widget-divider\" data-id=\"a5931ec\" data-element_type=\"widget\" data-widget_type=\"divider.default\">\n\t\t\t\t<div class=\"elementor-widget-container\">\n\t\t\t\t\t\t\t<div class=\"elementor-divider\">\n\t\t\t<span class=\"elementor-divider-separator\">\n\t\t\t\t\t\t<\/span>\n\t\t<\/div>\n\t\t\t\t\t\t<\/div>\n\t\t\t\t<\/div>\n\t\t\t\t<div class=\"elementor-element elementor-element-42b10f9 elementor-widget elementor-widget-spacer\" data-id=\"42b10f9\" data-element_type=\"widget\" data-widget_type=\"spacer.default\">\n\t\t\t\t<div class=\"elementor-widget-container\">\n\t\t\t\t\t\t\t<div class=\"elementor-spacer\">\n\t\t\t<div class=\"elementor-spacer-inner\"><\/div>\n\t\t<\/div>\n\t\t\t\t\t\t<\/div>\n\t\t\t\t<\/div>\n\t\t\t\t\t<\/div>\n\t\t<\/div>\n\t\t\t\t\t<\/div>\n\t\t<\/section>\n\t\t\t\t<section class=\"elementor-section elementor-top-section elementor-element elementor-element-accdca7 elementor-section-height-min-height elementor-section-content-space-around elementor-section-boxed elementor-section-height-default elementor-section-items-middle\" data-id=\"accdca7\" data-element_type=\"section\">\n\t\t\t\t\t\t<div class=\"elementor-container elementor-column-gap-default\">\n\t\t\t\t\t<div class=\"elementor-column elementor-col-50 elementor-top-column elementor-element elementor-element-5b6a868\" data-id=\"5b6a868\" data-element_type=\"column\">\n\t\t\t<div class=\"elementor-widget-wrap elementor-element-populated\">\n\t\t\t\t\t\t<div class=\"elementor-element elementor-element-cce3d41 e-transform elementor-widget elementor-widget-image\" data-id=\"cce3d41\" data-element_type=\"widget\" data-settings=\"{&quot;_transform_translateX_effect&quot;:{&quot;unit&quot;:&quot;px&quot;,&quot;size&quot;:&quot;&quot;,&quot;sizes&quot;:[]},&quot;_transform_translateX_effect_tablet&quot;:{&quot;unit&quot;:&quot;px&quot;,&quot;size&quot;:&quot;&quot;,&quot;sizes&quot;:[]},&quot;_transform_translateX_effect_mobile&quot;:{&quot;unit&quot;:&quot;px&quot;,&quot;size&quot;:&quot;&quot;,&quot;sizes&quot;:[]},&quot;_transform_translateY_effect&quot;:{&quot;unit&quot;:&quot;px&quot;,&quot;size&quot;:&quot;&quot;,&quot;sizes&quot;:[]},&quot;_transform_translateY_effect_tablet&quot;:{&quot;unit&quot;:&quot;px&quot;,&quot;size&quot;:&quot;&quot;,&quot;sizes&quot;:[]},&quot;_transform_translateY_effect_mobile&quot;:{&quot;unit&quot;:&quot;px&quot;,&quot;size&quot;:&quot;&quot;,&quot;sizes&quot;:[]}}\" data-widget_type=\"image.default\">\n\t\t\t\t<div class=\"elementor-widget-container\">\n\t\t\t\t\t\t\t\t\t\t\t\t\t\t\t<img fetchpriority=\"high\" decoding=\"async\" width=\"683\" height=\"1024\" src=\"http:\/\/dominique-cros-pophillat.com\/wp-content\/uploads\/2022\/07\/DSC_0612-22-683x1024.jpg\" class=\"attachment-large size-large wp-image-3455\" alt=\"\" srcset=\"http:\/\/dominique-cros-pophillat.com\/wp-content\/uploads\/2022\/07\/DSC_0612-22-683x1024.jpg 683w, http:\/\/dominique-cros-pophillat.com\/wp-content\/uploads\/2022\/07\/DSC_0612-22-200x300.jpg 200w, http:\/\/dominique-cros-pophillat.com\/wp-content\/uploads\/2022\/07\/DSC_0612-22-768x1151.jpg 768w, http:\/\/dominique-cros-pophillat.com\/wp-content\/uploads\/2022\/07\/DSC_0612-22-1025x1536.jpg 1025w, http:\/\/dominique-cros-pophillat.com\/wp-content\/uploads\/2022\/07\/DSC_0612-22.jpg 1202w\" sizes=\"(max-width: 683px) 100vw, 683px\" \/>\t\t\t\t\t\t\t\t\t\t\t\t\t\t\t<\/div>\n\t\t\t\t<\/div>\n\t\t\t\t\t<\/div>\n\t\t<\/div>\n\t\t\t\t<div class=\"elementor-column elementor-col-50 elementor-top-column elementor-element elementor-element-004379e\" data-id=\"004379e\" data-element_type=\"column\">\n\t\t\t<div class=\"elementor-widget-wrap elementor-element-populated\">\n\t\t\t\t\t\t<div class=\"elementor-element elementor-element-6786283 elementor-widget elementor-widget-text-editor\" data-id=\"6786283\" data-element_type=\"widget\" data-widget_type=\"text-editor.default\">\n\t\t\t\t<div class=\"elementor-widget-container\">\n\t\t\t\t\t\t\t\t\t<p><strong>Dominique Cros Pophillat<\/strong><\/p><p>1964 \u2013 1965<\/p><p><strong>Acad\u00e9mie Charpentier<\/strong><\/p><p>1966 \u2013 1968<\/p><p><strong>Beaux-Arts de Paris<\/strong><\/p><p>1971 \u2013 1974\u00a0\u00a0\u00a0<\/p><p><strong>Agence Magnum<\/strong> : S\u00e9lection des photographies d\u2019Henri Cartier-Bresson,\u00a0 pour l\u2019exposition \u00ab Chine \u00bb, mus\u00e9e d\u2019Art Moderne de New-York ; S\u00e9lection de ses meilleures photos, sur tout l\u2019ensemble de son \u0153uvre, pour la r\u00e9alisation d\u2019un catalogue.<\/p><p>Travaux similaires pour les photographes\u00a0: Marc Riboud, Eve Arnold,\u00a0 Joseph Koudelka et L\u00e9onard Freed.<\/p><p>Reportage sur la fin de la dictature en <strong>Gr\u00e8ce<\/strong>.<\/p><p>1975<\/p><p><strong><u>Photographe ind\u00e9pendante<\/u><\/strong><\/p><p>Reportages pour le compte des AGEFOS (Fonds de formation des entreprises), des PME de Paris et d\u2019Ile de France, de l\u2019IFRI (Institut des Relations Internationales)\u00a0; portraits d\u2019acteurs politiques, \u00e9conomiques\u00a0; colloques, manifestations et travaux personnels.<\/p><p>1978 \u2013 2007\u00a0\u00a0\u00a0 <u>Expositions\u00a0et reportages<\/u> : \u00a0<\/p><ul><li>Ecoles rurales en Provence\u00a0: <strong>Journ\u00e9es Internationales de la photo de Montpellier<\/strong>; Chambre de Commerce d\u2019Avignon<\/li><li><strong>Ecoles rurales dans le Calvados<\/strong> pour la Fondation Guizot-Valricher\u00a0; <strong>Biblioth\u00e8que Nationale de Caen<\/strong> et dans les villes du pays d\u2019Auge.<\/li><li><strong>Reportage sur la d\u00e9couverte du monde rural par des coll\u00e9giens de la banlieue<\/strong> parisienne (Villeneuve-la-Garenne) \u00ab\u00a0<strong>Voyage en Diff\u00e9rences Cach\u00e9es<\/strong>\u00bb au Minist\u00e8re de l\u2019Agriculture (1988) \u00e0 l\u2019Universit\u00e9 de Paris XIII.<\/li><li><strong>Reportage en Cr\u00e8te<\/strong>, pour le Minist\u00e8re de l\u2019Agriculture.<\/li><li><strong>Expositions \u00e0 la Cit\u00e9 des Sciences \u00e0 Paris<\/strong> et \u00e0 la FNAC de Clermont-Ferrand\u00a0; et <strong>sur l\u2019Europe rurale<\/strong> \u00e0 Turin (Italie) et \u00e0 Co\u00efmbra (Portugal)<\/li><li><strong>Reportage sur le lyc\u00e9e Henri IV<\/strong> \u00e0 Paris (1991)\u00a0; exposition dans l\u2019\u00e9tablissement, puis \u00e0 la mairie du V\u00e8me arrondissement. Publication en 1993 du livre \u00ab\u00a0<strong>Henri IV cette ann\u00e9e-l\u00e0<\/strong>\u00bb aux \u00e9ditions Jean-Michel Place.<\/li><li><strong>Reportage sur l\u2019Aveyron <\/strong>pour le Minist\u00e8re de l\u2019Agriculture. Expositions \u00e0 Rodez et la FNAC de Clermont-Ferrand. Publication en 1993 du livre \u00ab\u00a0 <strong>Aubrac en Lot<\/strong>\u00bb aux \u00e9ditions Filigrane.<\/li><li><strong>Reportage sur les maghr\u00e9bins de France<\/strong> (Mantes-la-Jolie, Goussainville, Marseille et Kenitra au Maroc). Exposition \u00e0 Mantes-la-Jolie, \u00e0 la galerie Tiphaine, quartier de la Bastille, sous le titre \u00ab\u00a0<strong>Art d\u2019alarme<\/strong>\u00bb, Marie de Paris (<em>partenariats\u00a0: Institut du Monde Arabe, Drac, Fas, D\u00e9partement interminist\u00e9riel de la Ville, Pr\u00e9fecture Ile de France<\/em>).<\/li><li><strong>Reportage sur les chantiers de construction, de r\u00e9habilitation <\/strong>et les bureaux de l\u2019entreprise GTM B\u00e2timent (2007). Exposition, au si\u00e8ge de VINCI, \u00e0 la Maison de l\u2019Aveyron, \u00e0 l\u2019occasion des v\u0153ux de l\u2019entreprise, avec la parution du livre\u00a0: \u00ab\u00a0<strong>L\u2019instant de B\u00e2tir<\/strong>\u00bb, aux \u00e9ditions Jean-Michel Place.<\/li><\/ul>\t\t\t\t\t\t\t\t<\/div>\n\t\t\t\t<\/div>\n\t\t\t\t\t<\/div>\n\t\t<\/div>\n\t\t\t\t\t<\/div>\n\t\t<\/section>\n\t\t\t\t<section class=\"elementor-section elementor-top-section elementor-element elementor-element-8f95fb8 elementor-section-boxed elementor-section-height-default elementor-section-height-default\" data-id=\"8f95fb8\" data-element_type=\"section\">\n\t\t\t\t\t\t<div class=\"elementor-container elementor-column-gap-default\">\n\t\t\t\t\t<div class=\"elementor-column elementor-col-100 elementor-top-column elementor-element elementor-element-c406896\" data-id=\"c406896\" data-element_type=\"column\">\n\t\t\t<div class=\"elementor-widget-wrap elementor-element-populated\">\n\t\t\t\t\t\t<div class=\"elementor-element elementor-element-32f013f elementor-widget elementor-widget-spacer\" data-id=\"32f013f\" data-element_type=\"widget\" data-widget_type=\"spacer.default\">\n\t\t\t\t<div class=\"elementor-widget-container\">\n\t\t\t\t\t\t\t<div class=\"elementor-spacer\">\n\t\t\t<div class=\"elementor-spacer-inner\"><\/div>\n\t\t<\/div>\n\t\t\t\t\t\t<\/div>\n\t\t\t\t<\/div>\n\t\t\t\t<div class=\"elementor-element elementor-element-8d12ee5 e-transform elementor-widget elementor-widget-image\" data-id=\"8d12ee5\" data-element_type=\"widget\" data-settings=\"{&quot;_transform_translateX_effect&quot;:{&quot;unit&quot;:&quot;px&quot;,&quot;size&quot;:0,&quot;sizes&quot;:[]},&quot;_transform_translateX_effect_mobile&quot;:{&quot;unit&quot;:&quot;px&quot;,&quot;size&quot;:0,&quot;sizes&quot;:[]},&quot;_transform_translateY_effect&quot;:{&quot;unit&quot;:&quot;px&quot;,&quot;size&quot;:0,&quot;sizes&quot;:[]},&quot;_transform_translateY_effect_mobile&quot;:{&quot;unit&quot;:&quot;px&quot;,&quot;size&quot;:0,&quot;sizes&quot;:[]},&quot;_transform_translateX_effect_tablet&quot;:{&quot;unit&quot;:&quot;px&quot;,&quot;size&quot;:&quot;&quot;,&quot;sizes&quot;:[]},&quot;_transform_translateY_effect_tablet&quot;:{&quot;unit&quot;:&quot;px&quot;,&quot;size&quot;:&quot;&quot;,&quot;sizes&quot;:[]}}\" data-widget_type=\"image.default\">\n\t\t\t\t<div class=\"elementor-widget-container\">\n\t\t\t\t\t\t\t\t\t\t\t\t\t\t\t<img decoding=\"async\" width=\"768\" height=\"513\" src=\"http:\/\/dominique-cros-pophillat.com\/wp-content\/uploads\/2022\/01\/DSC06789-SMALL-768x513.jpg\" class=\"attachment-medium_large size-medium_large wp-image-1323\" alt=\"\" srcset=\"http:\/\/dominique-cros-pophillat.com\/wp-content\/uploads\/2022\/01\/DSC06789-SMALL-768x513.jpg 768w, http:\/\/dominique-cros-pophillat.com\/wp-content\/uploads\/2022\/01\/DSC06789-SMALL-300x200.jpg 300w, http:\/\/dominique-cros-pophillat.com\/wp-content\/uploads\/2022\/01\/DSC06789-SMALL-1024x683.jpg 1024w, http:\/\/dominique-cros-pophillat.com\/wp-content\/uploads\/2022\/01\/DSC06789-SMALL.jpg 1290w\" sizes=\"(max-width: 768px) 100vw, 768px\" \/>\t\t\t\t\t\t\t\t\t\t\t\t\t\t\t<\/div>\n\t\t\t\t<\/div>\n\t\t\t\t<div class=\"elementor-element elementor-element-33e46b5 elementor-widget elementor-widget-spacer\" data-id=\"33e46b5\" data-element_type=\"widget\" data-widget_type=\"spacer.default\">\n\t\t\t\t<div class=\"elementor-widget-container\">\n\t\t\t\t\t\t\t<div class=\"elementor-spacer\">\n\t\t\t<div class=\"elementor-spacer-inner\"><\/div>\n\t\t<\/div>\n\t\t\t\t\t\t<\/div>\n\t\t\t\t<\/div>\n\t\t\t\t\t<\/div>\n\t\t<\/div>\n\t\t\t\t\t<\/div>\n\t\t<\/section>\n\t\t\t\t<\/div>\n\t\t","protected":false},"excerpt":{"rendered":"<p>DOMINIQUE CROs-POPHILLAT PHOTOGRAPHIES Dominique Cros Pophillat 1964 \u2013 1965 Acad\u00e9mie Charpentier 1966 \u2013 1968 Beaux-Arts de Paris 1971 \u2013 1974\u00a0\u00a0\u00a0 Agence Magnum : S\u00e9lection des photographies d\u2019Henri Cartier-Bresson,\u00a0 pour l\u2019exposition \u00ab Chine \u00bb, mus\u00e9e d\u2019Art Moderne de New-York ; S\u00e9lection de ses meilleures photos, sur tout l\u2019ensemble de son \u0153uvre, pour la r\u00e9alisation d\u2019un catalogue. [&hellip;]<\/p>\n","protected":false},"author":1,"featured_media":0,"parent":0,"menu_order":0,"comment_status":"closed","ping_status":"closed","template":"","meta":{"footnotes":""},"folder":[],"_links":{"self":[{"href":"http:\/\/dominique-cros-pophillat.com\/index.php\/wp-json\/wp\/v2\/pages\/513"}],"collection":[{"href":"http:\/\/dominique-cros-pophillat.com\/index.php\/wp-json\/wp\/v2\/pages"}],"about":[{"href":"http:\/\/dominique-cros-pophillat.com\/index.php\/wp-json\/wp\/v2\/types\/page"}],"author":[{"embeddable":true,"href":"http:\/\/dominique-cros-pophillat.com\/index.php\/wp-json\/wp\/v2\/users\/1"}],"replies":[{"embeddable":true,"href":"http:\/\/dominique-cros-pophillat.com\/index.php\/wp-json\/wp\/v2\/comments?post=513"}],"version-history":[{"count":0,"href":"http:\/\/dominique-cros-pophillat.com\/index.php\/wp-json\/wp\/v2\/pages\/513\/revisions"}],"wp:attachment":[{"href":"http:\/\/dominique-cros-pophillat.com\/index.php\/wp-json\/wp\/v2\/media?parent=513"}],"wp:term":[{"taxonomy":"folder","embeddable":true,"href":"http:\/\/dominique-cros-pophillat.com\/index.php\/wp-json\/wp\/v2\/folder?post=513"}],"curies":[{"name":"wp","href":"https:\/\/api.w.org\/{rel}","templated":true}]}}